{"id":16,"date":"2021-08-17T13:12:57","date_gmt":"2021-08-17T13:12:57","guid":{"rendered":"https:\/\/dpenergy.com.br\/?page_id=16"},"modified":"2022-05-25T19:30:20","modified_gmt":"2022-05-25T19:30:20","slug":"seja-um-parceiro","status":"publish","type":"page","link":"https:\/\/dpenergy.com.br\/inicio\/seja-um-parceiro\/","title":{"rendered":"Seja um parceiro"},"content":{"rendered":"\t\t<div data-elementor-type=\"wp-page\" data-elementor-id=\"16\" class=\"elementor elementor-16\">\n\t\t\t\t\t\t<section class=\"elementor-section elementor-top-section elementor-element elementor-element-abad4cb elementor-section-full_width elementor-section-height-default elementor-section-height-default\" data-id=\"abad4cb\" data-element_type=\"section\">\n\t\t\t\t\t\t<div class=\"elementor-container elementor-column-gap-no\">\n\t\t\t\t\t<div class=\"elementor-column elementor-col-100 elementor-top-column elementor-element elementor-element-10a5d45\" data-id=\"10a5d45\" data-element_type=\"column\">\n\t\t\t<div class=\"elementor-widget-wrap elementor-element-populated\">\n\t\t\t\t\t\t<div class=\"elementor-element elementor-element-f9f4d88 elementor--h-position-center elementor--v-position-middle elementor-arrows-position-inside elementor-pagination-position-inside elementor-widget elementor-widget-slides\" data-id=\"f9f4d88\" data-element_type=\"widget\" data-settings=\"{&quot;navigation&quot;:&quot;both&quot;,&quot;autoplay&quot;:&quot;yes&quot;,&quot;pause_on_hover&quot;:&quot;yes&quot;,&quot;pause_on_interaction&quot;:&quot;yes&quot;,&quot;autoplay_speed&quot;:5000,&quot;infinite&quot;:&quot;yes&quot;,&quot;transition&quot;:&quot;slide&quot;,&quot;transition_speed&quot;:500}\" data-widget_type=\"slides.default\">\n\t\t\t\t<div class=\"elementor-widget-container\">\n\t\t\t\t\t\t\t<div class=\"elementor-swiper\">\n\t\t\t<div class=\"elementor-slides-wrapper elementor-main-swiper swiper-container\" dir=\"ltr\" data-animation=\"fadeInUp\">\n\t\t\t\t<div class=\"swiper-wrapper elementor-slides\">\n\t\t\t\t\t\t\t\t\t\t<div class=\"elementor-repeater-item-4e5dffd swiper-slide\"><div class=\"swiper-slide-bg\"><\/div><div class=\"swiper-slide-inner\" ><div class=\"swiper-slide-contents\"><\/div><\/div><\/div><div class=\"elementor-repeater-item-4b739ac swiper-slide\"><div class=\"swiper-slide-bg\"><\/div><div class=\"swiper-slide-inner\" ><div class=\"swiper-slide-contents\"><\/div><\/div><\/div><div class=\"elementor-repeater-item-3ec9367 swiper-slide\"><div class=\"swiper-slide-bg\"><\/div><div class=\"swiper-slide-inner\" ><div class=\"swiper-slide-contents\"><\/div><\/div><\/div>\t\t\t\t<\/div>\n\t\t\t\t\t\t\t\t\t\t\t\t\t\t\t<div class=\"swiper-pagination\"><\/div>\n\t\t\t\t\t\t\t\t\t\t\t\t\t\t\t\t<div class=\"elementor-swiper-button elementor-swiper-button-prev\">\n\t\t\t\t\t\t\t<i aria-hidden=\"true\" class=\"eicon-chevron-left\"><\/i>\t\t\t\t\t\t\t<span class=\"elementor-screen-only\">Anterior<\/span>\n\t\t\t\t\t\t<\/div>\n\t\t\t\t\t\t<div class=\"elementor-swiper-button elementor-swiper-button-next\">\n\t\t\t\t\t\t\t<i aria-hidden=\"true\" class=\"eicon-chevron-right\"><\/i>\t\t\t\t\t\t\t<span class=\"elementor-screen-only\">Next<\/span>\n\t\t\t\t\t\t<\/div>\n\t\t\t\t\t\t\t\t\t\t\t\t<\/div>\n\t\t<\/div>\n\t\t\t\t\t\t<\/div>\n\t\t\t\t<\/div>\n\t\t\t\t\t<\/div>\n\t\t<\/div>\n\t\t\t\t\t<\/div>\n\t\t<\/section>\n\t\t\t\t<section class=\"elementor-section elementor-top-section elementor-element elementor-element-8cc1ffb elementor-section-height-min-height elementor-section-boxed elementor-section-height-default elementor-section-items-middle\" data-id=\"8cc1ffb\" data-element_type=\"section\">\n\t\t\t\t\t\t<div class=\"elementor-container elementor-column-gap-default\">\n\t\t\t\t\t<div class=\"elementor-column elementor-col-100 elementor-top-column elementor-element elementor-element-fefb942\" data-id=\"fefb942\" data-element_type=\"column\">\n\t\t\t<div class=\"elementor-widget-wrap elementor-element-populated\">\n\t\t\t\t\t\t<div class=\"elementor-element elementor-element-b8e6799 elementor-widget elementor-widget-heading\" data-id=\"b8e6799\" data-element_type=\"widget\" data-widget_type=\"heading.default\">\n\t\t\t\t<div class=\"elementor-widget-container\">\n\t\t\t\t\t<h2 class=\"elementor-heading-title elementor-size-default\"><span class=\"JsGRdQ\" style=\"font-weight: 700;font-style: normal\">Como funciona a parceria?<\/span><\/h2>\t\t\t\t<\/div>\n\t\t\t\t<\/div>\n\t\t\t\t<div class=\"elementor-element elementor-element-6d7ce05 elementor-widget elementor-widget-text-editor\" data-id=\"6d7ce05\" data-element_type=\"widget\" data-widget_type=\"text-editor.default\">\n\t\t\t\t<div class=\"elementor-widget-container\">\n\t\t\t\t\t\t\t\t\t<p><span class=\"JsGRdQ\" style=\"font-family: Trocchi;\">Para se tornar um <strong>revendedor autorizado das Baterias Pioneir<\/strong>o \u00e9 muito simples.<\/span><\/p><p class=\"_04xlpA direction-ltr align-center para-style-body\"><span class=\"JsGRdQ\" style=\"font-family: Trocchi;\">Primeiro, entre em contato com nosso time de vendedores atrav\u00e9s dos nossos <strong>canais de vendas<\/strong>.<\/span><\/p><p class=\"_04xlpA direction-ltr align-center para-style-body\"><span class=\"JsGRdQ\" style=\"font-family: Trocchi;\">Por la ser\u00e1 solicitado as documenta\u00e7\u00f5es empresariais, como: cart\u00e3o CNPJ e afins.<\/span><\/p><p class=\"_04xlpA direction-ltr align-center para-style-body\"><span class=\"JsGRdQ\" style=\"font-family: Trocchi;\"><strong>Seu CNPJ ser\u00e1 avaliado pelo financeiro de nossa empresa<\/strong>, e assim que seu cadastro for aprovado, seu acesso a nossa \u00c1rea do Cliente ser\u00e1 liberado, voc\u00ea receber\u00e1 todos os dados de login e senha por email.<\/span><\/p><p class=\"_04xlpA direction-ltr align-center para-style-body\"><span class=\"JsGRdQ\" style=\"font-family: Trocchi;\">Dessa forma voc\u00ea ter\u00e1 contato direto com nossas promo\u00e7\u00f5es e as nossas tabelas de pre\u00e7o exclusiva para revendedores.<\/span><\/p>\t\t\t\t\t\t\t\t<\/div>\n\t\t\t\t<\/div>\n\t\t\t\t<div class=\"elementor-element elementor-element-29122a6 elementor-align-center elementor-widget elementor-widget-button\" data-id=\"29122a6\" data-element_type=\"widget\" data-widget_type=\"button.default\">\n\t\t\t\t<div class=\"elementor-widget-container\">\n\t\t\t\t\t\t\t\t\t<div class=\"elementor-button-wrapper\">\n\t\t\t\t\t<a class=\"elementor-button elementor-button-link elementor-size-md\" href=\"https:\/\/dpenergy.com.br\/inicio\/contato\/\">\n\t\t\t\t\t\t<span class=\"elementor-button-content-wrapper\">\n\t\t\t\t\t\t\t\t\t<span class=\"elementor-button-text\">QUERO SER UM REVENDEDOR<\/span>\n\t\t\t\t\t<\/span>\n\t\t\t\t\t<\/a>\n\t\t\t\t<\/div>\n\t\t\t\t\t\t\t\t<\/div>\n\t\t\t\t<\/div>\n\t\t\t\t\t<\/div>\n\t\t<\/div>\n\t\t\t\t\t<\/div>\n\t\t<\/section>\n\t\t\t\t<\/div>\n\t\t","protected":false},"excerpt":{"rendered":"<p>Anterior Next Como funciona a parceria? Para se tornar um revendedor autorizado das Baterias Pioneiro \u00e9 muito simples. Primeiro, entre em contato com nosso time de vendedores atrav\u00e9s dos nossos canais de vendas. Por la ser\u00e1 solicitado as documenta\u00e7\u00f5es empresariais, como: cart\u00e3o CNPJ e afins. Seu CNPJ ser\u00e1 avaliado pelo financeiro de nossa empresa, e [&hellip;]<\/p>\n","protected":false},"author":1,"featured_media":0,"parent":0,"menu_order":0,"comment_status":"closed","ping_status":"closed","template":"elementor_canvas","meta":{"footnotes":""},"class_list":["post-16","page","type-page","status-publish","hentry"],"_links":{"self":[{"href":"https:\/\/dpenergy.com.br\/inicio\/wp-json\/wp\/v2\/pages\/16","targetHints":{"allow":["GET"]}}],"collection":[{"href":"https:\/\/dpenergy.com.br\/inicio\/wp-json\/wp\/v2\/pages"}],"about":[{"href":"https:\/\/dpenergy.com.br\/inicio\/wp-json\/wp\/v2\/types\/page"}],"author":[{"embeddable":true,"href":"https:\/\/dpenergy.com.br\/inicio\/wp-json\/wp\/v2\/users\/1"}],"replies":[{"embeddable":true,"href":"https:\/\/dpenergy.com.br\/inicio\/wp-json\/wp\/v2\/comments?post=16"}],"version-history":[{"count":31,"href":"https:\/\/dpenergy.com.br\/inicio\/wp-json\/wp\/v2\/pages\/16\/revisions"}],"predecessor-version":[{"id":505,"href":"https:\/\/dpenergy.com.br\/inicio\/wp-json\/wp\/v2\/pages\/16\/revisions\/505"}],"wp:attachment":[{"href":"https:\/\/dpenergy.com.br\/inicio\/wp-json\/wp\/v2\/media?parent=16"}],"curies":[{"name":"wp","href":"https:\/\/api.w.org\/{rel}","templated":true}]}}